{"id":37,"date":"2022-09-22T13:51:13","date_gmt":"2022-09-22T13:51:13","guid":{"rendered":"http:\/\/map-lausanne.ch\/?page_id=37"},"modified":"2022-11-21T14:13:18","modified_gmt":"2022-11-21T14:13:18","slug":"map-lausanne","status":"publish","type":"page","link":"https:\/\/map-lausanne.ch\/","title":{"rendered":"MAP Lausanne"},"content":{"rendered":"<div class=\"\" style=\"\" >\n    \n    <section class=\"u-align-center u-clearfix u-image u-section-2\" id=\"sec-7e41\" data-image-width=\"1620\" data-image-height=\"1080\" style=\"background-image: url(&quot;http:\/\/map-lausanne-ch.preview-domain.com\/wp-content\/uploads\/2022\/09\/fgfgfg-min-1.jpg&quot;);\">\n      <div class=\"u-clearfix u-sheet u-sheet-1\">\n        <h2 class=\"u-text u-text-default u-text-1\" data-animation-name=\"customAnimationIn\" data-animation-duration=\"1500\" data-lang-en=\"\u200b\u200bGet the website \">MAP-LAUSANNE<\/h2>\n        <img class=\"u-image u-image-contain u-image-default u-image-1\" src=\"http:\/\/map-lausanne.ch\/wp-content\/uploads\/2022\/09\/quadash-shevet_logo_Quadash-Shevet_logo-color_bg-transparent.png\" alt=\"\" data-image-width=\"1005\" data-image-height=\"723\">\n        <h1 class=\"u-custom-font u-font-oswald u-text u-text-default u-text-2\" data-animation-name=\"customAnimationIn\" data-animation-duration=\"1500\" data-animation-delay=\"500\" data-lang-en=\"Of Your Dreams\">Maison d'Adoration<br>et de pri\u00e8re<br>Lausanne<br>\n        <\/h1>\n      <\/div>\n    <\/section>\n    <section class=\"u-align-center u-clearfix u-grey-10 u-valign-middle-md u-valign-middle-xs u-section-3\" id=\"carousel_1e99\">\n      <div class=\"u-clearfix u-sheet u-sheet-1\">\n        <div class=\"u-palette-3-base u-shape u-shape-circle u-shape-1\" data-animation-name=\"customAnimationIn\" data-animation-duration=\"1500\" data-animation-delay=\"500\"><\/div>\n        <div class=\"u-clearfix u-expanded-width-xs u-layout-wrap u-layout-wrap-1\">\n          <div class=\"u-layout\">\n            <div class=\"u-layout-row\">\n              <div class=\"u-align-left u-container-style u-layout-cell u-right-cell u-size-17-lg u-size-17-xl u-size-60-md u-size-60-sm u-size-60-xs u-layout-cell-1\" data-animation-name=\"customAnimationIn\" data-animation-duration=\"1500\" data-animation-delay=\"500\">\n                <div class=\"u-container-layout u-container-layout-1\">\n                  <h3 class=\"u-text u-text-1\" data-lang-en=\"Web Development<br>\">Un lieu chr\u00e9tien d'adoration et de pri\u00e8re<br>\n                  <\/h3>\n                <\/div>\n              <\/div>\n              <div class=\"u-container-style u-image u-layout-cell u-left-cell u-size-43-lg u-size-43-xl u-size-60-md u-size-60-sm u-size-60-xs u-image-1\" data-animation-name=\"customAnimationIn\" data-animation-duration=\"1500\" data-animation-delay=\"500\" data-image-width=\"682\" data-image-height=\"384\" style=\"background-image: url(&quot;http:\/\/map-lausanne-ch.preview-domain.com\/wp-content\/uploads\/2022\/09\/Bessires007-mod-small.png&quot;);\">\n                <div class=\"u-container-layout u-container-layout-2\"><\/div>\n              <\/div>\n            <\/div>\n          <\/div>\n        <\/div>\n      <\/div>\n    <\/section>\n    <section class=\"u-clearfix u-palette-3-base u-section-4\" id=\"carousel_02fc\">\n      <div class=\"u-clearfix u-sheet u-sheet-1\">\n        <div class=\"u-shape u-shape-svg u-text-palette-3-light-1 u-shape-1\" data-animation-name=\"customAnimationIn\" data-animation-duration=\"1500\" data-animation-delay=\"500\">\n          <svg class=\"u-svg-link\" preserveAspectRatio=\"none\" viewBox=\"0 0 160 150\" style=\"\"><use xlink:href=\"#svg-7553\"><\/use><\/svg>\n          <svg class=\"u-svg-content\" viewBox=\"0 0 160 150\" x=\"0px\" y=\"0px\" id=\"svg-7553\"><path d=\"M43.2,126.9c14.2,1.3,27.6,7,39.1,15.6c8.3,6.1,19.4,10.3,32.7,5.3c11.7-4.4,18.6-17.4,21-30.2c2.6-13.3,8.1-25.9,15.7-37.1\n\tc8.3-12.1,10.8-27.9,5.3-42.7C150.5,20.3,134.6,9,117,7.6C107.9,6.9,98.8,5,90.1,1.9C83-0.6,75-0.7,67.4,2.1\n\tc-9.9,3.7-17,11.6-20.1,21c-3.3,10.1-10.9,18-20.6,22.2c-0.1,0-0.1,0.1-0.2,0.1c-20.3,8.9-31,32-24.6,53.2\n\tC6.9,115.6,25.2,125.2,43.2,126.9z\"><\/path><\/svg>\n        <\/div>\n        <img src=\"http:\/\/map-lausanne.ch\/wp-content\/uploads\/2022\/09\/6a26d8f1b5ae589051a7535a55f6ba3fb998cd5973616e7d54a23964f90b03c12dc0931328d38ff0945881bd2144298ebc25c1382b2f8634fba48e_1280.jpg\" alt=\"\" class=\"u-image u-image-round u-radius-5 u-image-1\" data-image-width=\"1280\" data-image-height=\"853\" data-animation-name=\"customAnimationIn\" data-animation-duration=\"1500\">\n        <div class=\"u-list u-list-1\">\n          <div class=\"u-repeater u-repeater-1\">\n            <div class=\"u-align-center u-container-style u-list-item u-radius-5 u-repeater-item u-shape-round u-white u-list-item-1\" data-animation-name=\"customAnimationIn\" data-animation-duration=\"1500\" data-animation-delay=\"0\">\n              <div class=\"u-container-layout u-similar-container u-valign-top-sm u-valign-top-xs u-container-layout-1\">\n                <img class=\"u-expanded-width u-image u-image-round u-radius-5 u-image-2\" src=\"http:\/\/map-lausanne.ch\/wp-content\/uploads\/2022\/09\/931a0fcbe4a30990b886d31550d0ae703dce36aea3ff8c2772c5193965535f20416d8496e080ba7b79708cac28f29d5da440202155fa789cf24ba1_1280.jpg\" alt=\"\" data-image-width=\"1280\" data-image-height=\"853\" data-animation-name=\"customAnimationIn\" data-animation-duration=\"1500\" data-animation-delay=\"500\">\n                <p class=\"u-text u-text-1\" data-animation-name=\"customAnimationIn\" data-animation-duration=\"1500\" data-animation-delay=\"500\" data-lang-en=\"Sample text. Click to select the text box. Click again or double click to start editing the text.\">Louange, adoration, pri\u00e8re<\/p>\n              <\/div>\n            <\/div>\n            <div class=\"u-align-center u-container-style u-list-item u-radius-5 u-repeater-item u-shape-round u-white u-list-item-2\" data-animation-name=\"customAnimationIn\" data-animation-duration=\"1500\" data-animation-delay=\"0\">\n              <div class=\"u-container-layout u-similar-container u-valign-top-sm u-valign-top-xs u-container-layout-2\">\n                <img class=\"u-expanded-width u-image u-image-round u-radius-5 u-image-3\" src=\"http:\/\/map-lausanne.ch\/wp-content\/uploads\/2022\/09\/b3f75bc7df4af4660fe555a2dabde005874a201f2b0720830c53372b40e832121f119d0948bd3570eeaf476fe0cc9de16a1647e1d8de36c568d4a0_1280.jpg\" alt=\"\" data-image-width=\"1071\" data-image-height=\"1280\" data-animation-name=\"customAnimationIn\" data-animation-duration=\"1500\" data-animation-delay=\"500\">\n                <p class=\"u-text u-text-2\" data-animation-name=\"customAnimationIn\" data-animation-duration=\"1500\" data-animation-delay=\"500\" data-lang-en=\"Sample text. Click to select the text box. Click again or double click to start editing the text.\">Ecoute de Dieu<\/p>\n              <\/div>\n            <\/div>\n            <div class=\"u-align-center u-container-style u-list-item u-radius-5 u-repeater-item u-shape-round u-white u-list-item-3\" data-animation-name=\"customAnimationIn\" data-animation-duration=\"1500\" data-animation-delay=\"0\">\n              <div class=\"u-container-layout u-similar-container u-valign-top-sm u-valign-top-xs u-container-layout-3\">\n                <img class=\"u-expanded-width u-image u-image-round u-radius-5 u-image-4\" src=\"http:\/\/map-lausanne.ch\/wp-content\/uploads\/2022\/11\/92853eddcac5a6b6cb615aa9d1380d2c4ea73bf8fd0f64d75718fe0ae0b63d7c82a0abd2fc2e3688a0bbad18a8396707f3b12e187ec7119d5eb7f9_1280.jpg\" alt=\"\" data-image-width=\"1280\" data-image-height=\"853\" data-animation-name=\"customAnimationIn\" data-animation-duration=\"1500\" data-animation-delay=\"500\">\n                <p class=\"u-text u-text-3\" data-animation-name=\"customAnimationIn\" data-animation-duration=\"1500\" data-animation-delay=\"500\" data-lang-en=\"Sample text. Click to select the text box. Click again or double click to start editing the text.\">Communiquer avec la communaut\u00e9 chr\u00e9tienne<\/p>\n              <\/div>\n            <\/div>\n          <\/div>\n        <\/div>\n      <\/div>\n    <\/section>\n    <section class=\"u-black u-clearfix u-valign-top u-section-5\" id=\"carousel_a12b\">\n      <div class=\"u-expanded-width u-palette-3-base u-shape u-shape-rectangle u-shape-1\"><\/div>\n      <div class=\"u-clearfix u-layout-wrap u-layout-wrap-1\">\n        <div class=\"u-gutter-0 u-layout\">\n          <div class=\"u-layout-row\">\n            <div class=\"u-align-left u-container-style u-layout-cell u-size-60 u-white u-layout-cell-1\" data-animation-name=\"customAnimationIn\" data-animation-duration=\"1500\">\n              <div class=\"u-container-layout u-valign-top u-container-layout-1\">\n                <h3 class=\"u-text u-text-1\" data-lang-en=\"Contact Us\">Contact Us<\/h3>\n                <p class=\"u-text u-text-2\" data-lang-en=\"\u200bWe'd love to hear from you.\"> We'd love to hear from you.<\/p>\n                <div class=\"u-align-left u-expanded-width u-form u-form-1\">\n                  <form action=\"https:\/\/forms.nicepagesrv.com\/Form\/Process\" class=\"u-clearfix u-form-spacing-16 u-form-vertical u-inner-form\" style=\"padding: 0px;\" source=\"email\" name=\"form\">\n                    <div class=\"u-form-group u-form-name\">\n                      <label class=\"u-form-control-hidden u-label\" data-lang-en=\"Name\">Name<\/label>\n                      <input type=\"text\" placeholder=\"Enter your Name\" id=\"name-5a14\" name=\"name\" class=\"u-border-2 u-border-grey-60 u-border-no-left u-border-no-right u-border-no-top u-input u-input-rectangle u-white\" required=\"\" data-lang-en=\"Enter your Name\">\n                    <\/div>\n                    <div class=\"u-form-email u-form-group\">\n                      <label class=\"u-form-control-hidden u-label\" data-lang-en=\"Email\">Email<\/label>\n                      <input type=\"email\" placeholder=\"Enter a valid email address\" id=\"email-5a14\" name=\"email\" class=\"u-border-2 u-border-grey-60 u-border-no-left u-border-no-right u-border-no-top u-input u-input-rectangle u-white\" required=\"\" data-lang-en=\"Enter a valid email address\">\n                    <\/div>\n                    <div class=\"u-form-group u-form-message\">\n                      <label class=\"u-form-control-hidden u-label\" data-lang-en=\"Message\">Message<\/label>\n                      <textarea placeholder=\"\" id=\"message-5a14\" name=\"message\" class=\"u-border-2 u-border-grey-60 u-border-no-left u-border-no-right u-border-no-top u-input u-input-rectangle u-white\" required=\"\" data-lang-en=\"\"><\/textarea>\n                    <\/div>\n                    <div class=\"u-align-left u-form-group u-form-submit\">\n                      <a href=\"#\" class=\"u-active-black u-border-none u-btn u-btn-round u-btn-submit u-button-style u-hover-black u-palette-3-base u-radius-5 u-text-body-alt-color u-btn-1\" data-lang-en=\"{&quot;content&quot;:&quot;Submit&quot;,&quot;href&quot;:&quot;#&quot;}\">Submit<\/a>\n                      <input type=\"submit\" value=\"submit\" class=\"u-form-control-hidden\" wfd-invisible=\"true\">\n                    <\/div>\n                    <div class=\"u-form-send-message u-form-send-success\" data-lang-en=\"\n            Thank you! Your message has been sent.\n        \"> Thank you! Your message has been sent. <\/div>\n                    <div class=\"u-form-send-error u-form-send-message\" data-lang-en=\"\n            Unable to send your message. Please fix errors then try again.\n        \"> Unable to send your message. Please fix errors then try again. <\/div>\n                    <input type=\"hidden\" value=\"\" name=\"recaptchaResponse\" wfd-invisible=\"true\">\n                  <\/form>\n                <\/div>\n              <\/div>\n            <\/div>\n          <\/div>\n        <\/div>\n      <\/div>\n    <\/section>\n    \n    \n  \n<\/div>","protected":false},"excerpt":{"rendered":"<p>MAP-LAUSANNE Maison d&rsquo;Adorationet de pri\u00e8reLausanne Un lieu chr\u00e9tien d&rsquo;adoration et de pri\u00e8re Louange, adoration, pri\u00e8re Ecoute de Dieu Communiquer avec la communaut\u00e9 chr\u00e9tienne Contact Us We&rsquo;d love to hear from you. Name Email Message Submit Thank you! Your message has been sent. Unable to send your message. Please fix errors then try again.<\/p>\n","protected":false},"author":1,"featured_media":0,"parent":0,"menu_order":0,"comment_status":"closed","ping_status":"closed","template":"","meta":{"_mi_skip_tracking":false},"aioseo_notices":[],"_links":{"self":[{"href":"https:\/\/map-lausanne.ch\/index.php?rest_route=\/wp\/v2\/pages\/37"}],"collection":[{"href":"https:\/\/map-lausanne.ch\/index.php?rest_route=\/wp\/v2\/pages"}],"about":[{"href":"https:\/\/map-lausanne.ch\/index.php?rest_route=\/wp\/v2\/types\/page"}],"author":[{"embeddable":true,"href":"https:\/\/map-lausanne.ch\/index.php?rest_route=\/wp\/v2\/users\/1"}],"replies":[{"embeddable":true,"href":"https:\/\/map-lausanne.ch\/index.php?rest_route=%2Fwp%2Fv2%2Fcomments&post=37"}],"version-history":[{"count":12,"href":"https:\/\/map-lausanne.ch\/index.php?rest_route=\/wp\/v2\/pages\/37\/revisions"}],"predecessor-version":[{"id":94,"href":"https:\/\/map-lausanne.ch\/index.php?rest_route=\/wp\/v2\/pages\/37\/revisions\/94"}],"wp:attachment":[{"href":"https:\/\/map-lausanne.ch\/index.php?rest_route=%2Fwp%2Fv2%2Fmedia&parent=37"}],"curies":[{"name":"wp","href":"https:\/\/api.w.org\/{rel}","templated":true}]}}